{"id":48,"date":"2025-06-19T12:11:51","date_gmt":"2025-06-19T10:11:51","guid":{"rendered":"https:\/\/lapattack.de\/?page_id=48"},"modified":"2025-06-19T12:11:52","modified_gmt":"2025-06-19T10:11:52","slug":"%f0%9f%93%84-impressum","status":"publish","type":"page","link":"https:\/\/lapattack.de\/?page_id=48","title":{"rendered":"\ud83d\udcc4 Impressum"},"content":{"rendered":"\n<h2 class=\"wp-block-heading\"><\/h2>\n\n\n\n<p><strong>Angaben gem\u00e4\u00df \u00a7 5 TMG \/ Art. 3 Abs. 1 e-Commerce-Richtlinie:<\/strong><\/p>\n\n\n\n<p><strong>Tom Schr\u00f6der<\/strong><br>Lindenallee 84<br>4750 B\u00fctgenbach<br>Belgien<\/p>\n\n\n\n<p><strong>E-Mail:<\/strong>  <a>admin@lapattack.de<\/a><br><strong>Website:<\/strong> <a class=\"\" href=\"https:\/\/www.lapattack.de\">https:\/\/www.lapattack.de<\/a><\/p>\n\n\n\n<hr class=\"wp-block-separator has-alpha-channel-opacity\"\/>\n\n\n\n<h3 class=\"wp-block-heading\">\u26a0\ufe0f Hinweis zur Haftung (Disclaimer)<\/h3>\n\n\n\n<p><strong>Haftung f\u00fcr Inhalte<\/strong><br>Als Diensteanbieter bin ich gem\u00e4\u00df \u00a7 7 Abs.1 TMG f\u00fcr eigene Inhalte auf diesen Seiten nach den allgemeinen Gesetzen verantwortlich. Nach \u00a7\u00a7 8 bis 10 TMG bin ich als Diensteanbieter jedoch nicht verpflichtet, \u00fcbermittelte oder gespeicherte fremde Informationen zu \u00fcberwachen oder nach Umst\u00e4nden zu forschen, die auf eine rechtswidrige T\u00e4tigkeit hinweisen.<\/p>\n\n\n\n<p><strong>Haftung f\u00fcr Links<\/strong><br>Mein Angebot enth\u00e4lt Links zu externen Websites Dritter, auf deren Inhalte ich keinen Einfluss habe. Deshalb kann ich f\u00fcr diese fremden Inhalte auch keine Gew\u00e4hr \u00fcbernehmen. F\u00fcr die Inhalte der verlinkten Seiten ist stets der jeweilige Anbieter oder Betreiber der Seiten verantwortlich.<\/p>\n\n\n\n<hr class=\"wp-block-separator has-alpha-channel-opacity\"\/>\n\n\n\n<h3 class=\"wp-block-heading\">\u26a0\ufe0f Urheberrecht<\/h3>\n\n\n\n<p>Die durch den Seitenbetreiber erstellten Inhalte und Werke auf diesen Seiten unterliegen dem europ\u00e4ischen Urheberrecht. Die Vervielf\u00e4ltigung, Bearbeitung, Verbreitung und jede Art der Verwertung au\u00dferhalb der Grenzen des Urheberrechtes bed\u00fcrfen der schriftlichen Zustimmung des jeweiligen Autors bzw. Erstellers.<\/p>\n","protected":false},"excerpt":{"rendered":"<p>Angaben gem\u00e4\u00df \u00a7 5 TMG \/ Art. 3 Abs. 1 e-Commerce-Richtlinie: Tom Schr\u00f6derLindenallee 844750 B\u00fctgenbachBelgien E-Mail: admin@lapattack.deWebsite: https:\/\/www.lapattack.de \u26a0\ufe0f Hinweis zur Haftung (Disclaimer) Haftung f\u00fcr InhalteAls Diensteanbieter bin ich gem\u00e4\u00df \u00a7 7 Abs.1 TMG f\u00fcr eigene Inhalte auf diesen Seiten nach den allgemeinen Gesetzen verantwortlich. Nach \u00a7\u00a7 8 bis 10 TMG bin ich als Diensteanbieter &#8230; <a title=\"\ud83d\udcc4 Impressum\" class=\"read-more\" href=\"https:\/\/lapattack.de\/?page_id=48\" aria-label=\"Mehr Informationen \u00fcber \ud83d\udcc4 Impressum\">Weiterlesen<\/a><\/p>\n","protected":false},"author":1,"featured_media":0,"parent":0,"menu_order":0,"comment_status":"closed","ping_status":"closed","template":"","meta":{"footnotes":""},"class_list":["post-48","page","type-page","status-publish"],"jetpack_sharing_enabled":true,"_links":{"self":[{"href":"https:\/\/lapattack.de\/index.php?rest_route=\/wp\/v2\/pages\/48","targetHints":{"allow":["GET"]}}],"collection":[{"href":"https:\/\/lapattack.de\/index.php?rest_route=\/wp\/v2\/pages"}],"about":[{"href":"https:\/\/lapattack.de\/index.php?rest_route=\/wp\/v2\/types\/page"}],"author":[{"embeddable":true,"href":"https:\/\/lapattack.de\/index.php?rest_route=\/wp\/v2\/users\/1"}],"replies":[{"embeddable":true,"href":"https:\/\/lapattack.de\/index.php?rest_route=%2Fwp%2Fv2%2Fcomments&post=48"}],"version-history":[{"count":1,"href":"https:\/\/lapattack.de\/index.php?rest_route=\/wp\/v2\/pages\/48\/revisions"}],"predecessor-version":[{"id":49,"href":"https:\/\/lapattack.de\/index.php?rest_route=\/wp\/v2\/pages\/48\/revisions\/49"}],"wp:attachment":[{"href":"https:\/\/lapattack.de\/index.php?rest_route=%2Fwp%2Fv2%2Fmedia&parent=48"}],"curies":[{"name":"wp","href":"https:\/\/api.w.org\/{rel}","templated":true}]}}