{"id":22,"date":"2025-06-18T16:26:09","date_gmt":"2025-06-18T14:26:09","guid":{"rendered":"http:\/\/simracinggarage.de\/?page_id=22"},"modified":"2026-02-02T09:52:59","modified_gmt":"2026-02-02T08:52:59","slug":"mein-setup","status":"publish","type":"page","link":"https:\/\/lapattack.de\/?page_id=22","title":{"rendered":"Mein Setup"},"content":{"rendered":"\n<h2 class=\"wp-block-heading\">\ud83c\udfc1 Mein Setup \u2013 Stand Februar 2026<\/h2>\n\n\n\n<p>Hier findest du mein aktuelles SimRig \u2013 nicht von der Stange, sondern gewachsen, optimiert, angepasst. Ein System, das genau auf meine Anforderungen im SimRacing ausgelegt ist \u2013 leistungsstark, stabil, modular.<\/p>\n\n\n\n<figure class=\"wp-block-image size-large\"><img fetchpriority=\"high\" decoding=\"async\" width=\"768\" height=\"1024\" src=\"https:\/\/lapattack.de\/wp-content\/uploads\/2026\/02\/WhatsApp-Image-2026-02-02-at-09.32.04-768x1024.jpeg\" alt=\"\" class=\"wp-image-358\" srcset=\"https:\/\/lapattack.de\/wp-content\/uploads\/2026\/02\/WhatsApp-Image-2026-02-02-at-09.32.04-768x1024.jpeg 768w, https:\/\/lapattack.de\/wp-content\/uploads\/2026\/02\/WhatsApp-Image-2026-02-02-at-09.32.04-225x300.jpeg 225w, https:\/\/lapattack.de\/wp-content\/uploads\/2026\/02\/WhatsApp-Image-2026-02-02-at-09.32.04-1152x1536.jpeg 1152w, https:\/\/lapattack.de\/wp-content\/uploads\/2026\/02\/WhatsApp-Image-2026-02-02-at-09.32.04.jpeg 1536w\" sizes=\"(max-width: 768px) 100vw, 768px\" \/><\/figure>\n\n\n\n<hr class=\"wp-block-separator has-alpha-channel-opacity\"\/>\n\n\n\n<h3 class=\"wp-block-heading\">\ud83c\udfae Plattformen<\/h3>\n\n\n\n<ul class=\"wp-block-list\">\n<li>PC-Only ; die PS5 habe ich wieder verkauft.<\/li>\n\n\n\n<li>Prozessor : <a href=\"https:\/\/www.amazon.de\/AMD-Ryzen-7800X3D-V-Cache-Technologie-Boost-Frequenz\/dp\/B0BTZB7F88\/ref=sr_1_3?__mk_de_DE=%C3%85M%C3%85%C5%BD%C3%95%C3%91&amp;crid=ZC80MHYTJOI1&amp;dib=eyJ2IjoiMSJ9.V4nBN332074jxDy2G0TJDNeML_5GkgrpdEj6JfaaNFxLKfH-Adc8cPNmOtZ6gexWigLpqBNzOvyMolSz2tf9D0GWkQmUqibi40BBmpJKTtQcvAJGb5kBKYVfUZbrqKHdZbs16-iZEXt0hltqGm_saGU3X8zCGWk0-p9BivS0HA95e2jXjDFr6H5sCPRC854eVtpPmubazE321MrY0JeoVBK6pNz3RGQ09OXF6saTvo8.F6Obt6K5yn4qxc0JbeDciNcYSZPgwM1qDa5fzXjcNRQ&amp;dib_tag=se&amp;keywords=Ryzen%2B7%2B7800X3D&amp;qid=1770021290&amp;sprefix=ryzen%2B7%2B7800x3d%2Caps%2C110&amp;sr=8-3&amp;th=1\" target=\"_blank\" rel=\"noopener\">Ryzen 7 7800X3D<\/a><\/li>\n\n\n\n<li>Mainboard : <a href=\"https:\/\/www.amazon.de\/dp\/B0BDS8TC1G?ref=ppx_yo2ov_dt_b_fed_asin_title&amp;th=1\" target=\"_blank\" rel=\"noopener\">MSI PRO B650M-A<\/a><\/li>\n\n\n\n<li>Grafikkarte : <a href=\"https:\/\/www.amazon.de\/dp\/B0DS643QRW\/?smid=A3KFN2NRZ8238N&amp;tag=idealode-mp-pk-21&amp;linkCode=asn&amp;creative=6742&amp;camp=1638&amp;creativeASIN=B0DS643QRW&amp;ascsubtag=2026-02-02_1f888681f76e9cdaf9afbd677d734f692402bdd9fd533e020829921d2076c2a2&amp;th=1\" target=\"_blank\" rel=\"noopener\">ASUS GeForce RTX\u00a05080\u00a0ROG ASTRAL GAMING OC<\/a><\/li>\n\n\n\n<li>Arbeitsspeicher : <a href=\"https:\/\/www.amazon.de\/CORSAIR-Vengeance-6000MHz-Kompatibler-Computerspeicher\/dp\/B0CBRJ63RT\/ref=sr_1_2?__mk_de_DE=%C3%85M%C3%85%C5%BD%C3%95%C3%91&amp;crid=27O9UI42G0OZ8&amp;dib=eyJ2IjoiMSJ9.oQHTMQ8UEPfnCrpXgXRcEHjLeYEIFiuAs7MaD2H2M1Be2cs3NUwPge4RpNcSkWRW6fxNvNu_cBo65pJgXEErcE_4-tC27pvebULylU0MGGPY5RPPMn7VJglcte5Uv8tWsy16Prn_mHwqCtJSySUxTXrQB3wChIl4R1EiOlHceikrAezWA3SiS_BYZL8tDuJxQdmaAulFeEjCExp5OxTXNbI2F-0rw7Ipf1dUbiDknG8cgDWRqBC2AB4cDS1eMc16lFG2TgylPKlJvwwiU7zledrkCR9Mblt-I9K4WqZzQKs.7RWzypMfRvkiXFQOQTiRfTN0F9xpwmu-anybJd8CoLA&amp;dib_tag=se&amp;keywords=CORSAIR%2BVengeance%2BDDR5%2B32GB%2B(2x16GB)%2BDDR5%2B6000MHz%2BCL30%2BAMD%2BEXPO%2BIntel%2BXMP%2BiCUE&amp;qid=1770021582&amp;s=computers&amp;sprefix=corsair%2Bvengeance%2Bddr5%2B32gb%2B2x16gb%2Bddr5%2B6000mhz%2Bcl30%2Bamd%2Bexpo%2Bintel%2Bxmp%2Bicue%2B%2Ccomputers%2C122&amp;sr=1-2&amp;th=1\" target=\"_blank\" rel=\"noopener\">Corsair Vengeance 2x16GB DDR5 6000MHZ<\/a><\/li>\n\n\n\n<li>Festplatte : <a href=\"https:\/\/www.amazon.de\/Samsung-Schreiben-Interne-Videobearbeitung-MZ-V9P2T0BW\/dp\/B0B9C4DKKG\/ref=sr_1_3?__mk_de_DE=%C3%85M%C3%85%C5%BD%C3%95%C3%91&amp;crid=2I6FL9MRQNJIT&amp;dib=eyJ2IjoiMSJ9.Lip8StE7ALQgk2pcOZOBsW851zD1w0RbkKsbboq99SxJqL4rrRw0e90IFEi26xkM7OirHRA1BCdWEI7geuxzdJ5yQrq6tsqepbcJj5p4DIoZ6Gjst2P2Y01ZeH4FiwWAZ6ET8ZeGwMAnCKMtOSMlbHA5QTeBVIBWuPQLDrE3VRt5JeROdAyxBLigevi7xereCuIptwA2xIfauYJsxfvEM-dWyamFxZVWPDmRT5VDIfg.mPdnE-MXwFPSyzvLO1-Td0kSLV1s6_2Qhmn5BbhSzT4&amp;dib_tag=se&amp;keywords=m2%2Bssd%2Bpro&amp;qid=1770021699&amp;sprefix=m2%2Bssd%2Bpro%2Caps%2C128&amp;sr=8-3&amp;th=1\" target=\"_blank\" rel=\"noopener\">Samsung 990 PRO NVMe M.2 SSD, 2 TB<\/a><\/li>\n\n\n\n<li>Wasserk\u00fchlung : <a href=\"https:\/\/www.amazon.de\/quiet-Wasserk%C3%BChlung-ARGB-K%C3%BChlblock-ARGB-PWM-Hub-beeindruckend\/dp\/B0DDRFL9PZ\/ref=sr_1_2_sspa?__mk_de_DE=%C3%85M%C3%85%C5%BD%C3%95%C3%91&amp;crid=3FLJ6GDLAQOG3&amp;dib=eyJ2IjoiMSJ9.aRa5GOtSDHMqg0n426dAPVw4nk35fiClK0iUFUoJNyxSx_U01zpw-EcDY9IZpwP0a4jW-ah-nmDMi6eJWsPXcXiW-xsSqT6sV5lJBrI1uT3MMY6dPz32j2MOjC530PhVS5Tgau_dtCebi2WnwOydMPO1TCBP4ofWhMYxTp8fP4auYkIFVTXbJ0RujZ0TR74-4WcyZPcjmdsTzc9kN4o_JkUHKb-YAtJsqUytzvIGuCFNofSkSzPlvQ-xI6EWPRuMJDJeoldPwCbSX4eWyAfQB7tJLvyWSgaLi9Hg1KtN86k.g0_cmuXjW165OCUwwr7km5cWyXPCVwfmGplTnDlCDIA&amp;dib_tag=se&amp;keywords=be%2BQuiet!Pure%2BLoop%2BFX240mm&amp;qid=1770021837&amp;s=computers&amp;sprefix=be%2Bquiet%2Bpure%2Bloop%2Bfx240mm%2Ccomputers%2C153&amp;sr=1-2-spons&amp;aref=WPOMrtHd9d&amp;sp_csd=d2lkZ2V0TmFtZT1zcF9hdGY&amp;th=1\" target=\"_blank\" rel=\"noopener\">be Quiet!Pure Loop FX240mm<\/a><\/li>\n<\/ul>\n\n\n\n<hr class=\"wp-block-separator has-alpha-channel-opacity\"\/>\n\n\n\n<h3 class=\"wp-block-heading\">\ud83d\udee0\ufe0f Rig &amp; Sitzposition<\/h3>\n\n\n\n<ul class=\"wp-block-list\">\n<li><strong>SimRig aus Alu-Systemprofilen<\/strong><br>stabil, modular, kompromisslos.<\/li>\n\n\n\n<li><strong><a href=\"https:\/\/www.amazon.de\/Stahlkonsole-Schalensitze-Sitz-Seitenbefestigung-L-Adapter-Sitzkonsole\/dp\/B0CPYPZXQF\/ref=sr_1_2?__mk_de_DE=%C3%85M%C3%85%C5%BD%C3%95%C3%91&amp;crid=JNSMKRK2T9Q8&amp;dib=eyJ2IjoiMSJ9.lLTMstsaRk-5CVzVOZG2vI05MQBq7SUGp85k7MunJy9MVt0jF03pA0FJUD-4-JWOds5sgqBPRhOx1eydtGfVgaUPRnLjbtKwyVzAyqgaWKhFPL9sh-fn5Po0XoDsOpM32hiWV_m5adjgj0deo49JgwO14x4MLAzzHDd85GqIJar1fUsPWFRGISvJZNiTRTbGSWj1bYm5Hy4dvbXwNuSGIw_VHcA_sUOYYXpkVVru4yY.uYeyV8SYvhqUIhi9wzO8YKYV4OjBuELN4NdJnWQ_eZ0&amp;dib_tag=se&amp;keywords=pleie+sitzkonsole&amp;qid=1750861611&amp;sprefix=pleie+sitzkonsole%2Caps%2C63&amp;sr=8-2\" target=\"_blank\" rel=\"noopener\">Pleie Sitzkonsole<\/a><\/strong><br>Solide Plattform f\u00fcr den Rennsitz, h\u00e4lt auch bei starker Belastung.<\/li>\n\n\n\n<li><strong>Sitz: COBRA Suzuka T STD<\/strong><br>Seitlicher Halt und echtes Renngef\u00fchl \u2013 mehr braucht es nicht.<\/li>\n<\/ul>\n\n\n\n<hr class=\"wp-block-separator has-alpha-channel-opacity\"\/>\n\n\n\n<h3 class=\"wp-block-heading\">\ud83c\udf00 Wheelbase &amp; Lenkrad<\/h3>\n\n\n\n<ul class=\"wp-block-list\">\n<li><a href=\"https:\/\/simraceshop.de\/simucube-2-pro-wheelbase\" target=\"_blank\" rel=\"noopener\"><strong>Simucube 2 Pro <\/strong><\/a><br>Fantastische Wheelbase, 25NM Peak<\/li>\n\n\n\n<li><strong><a href=\"https:\/\/simracinghardware24.com\/produkt\/cube-controls-formula-csx2-usb\/\" target=\"_blank\" rel=\"noopener\">Cube Controls CSX 2<\/a><\/strong><br><\/li>\n<\/ul>\n\n\n\n<hr class=\"wp-block-separator has-alpha-channel-opacity\"\/>\n\n\n\n<h3 class=\"wp-block-heading\">\ud83d\udc63 Pedale<\/h3>\n\n\n\n<ul class=\"wp-block-list\">\n<li><a href=\"https:\/\/heusinkveld.com\/eu\/shop\/pedals-2\/ultimate-2-pedal-set-silver\/\" target=\"_blank\" rel=\"noopener\"><strong>Heusinkveld Ultimate +<\/strong><\/a> Gaspedal<\/li>\n\n\n\n<li><a href=\"https:\/\/simucube.com\/simucube-activepedal-pro\/\" target=\"_blank\" rel=\"noopener\">Simucube Active Pedal Pro<\/a> Als Bremse<\/li>\n<\/ul>\n\n\n\n<hr class=\"wp-block-separator has-alpha-channel-opacity\"\/>\n\n\n\n<h3 class=\"wp-block-heading\">\ud83d\udda5\ufe0f Bildschirme<\/h3>\n\n\n\n<ul class=\"wp-block-list\">\n<li><a href=\"https:\/\/www.asus.com\/de\/displays-desktops\/monitors\/all-series\/tuf-gaming-vg32vqr\/\" target=\"_blank\" rel=\"noopener\">3 x TUF Gaming VG32VQR Curved<\/a><\/li>\n\n\n\n<li><a href=\"https:\/\/sim-lab.eu\/en-de\/products\/vario-triple-monitor-mount-sim-racing?variant=48459235230045\" target=\"_blank\" rel=\"noopener\">Sim Lab Triple Screen St\u00e4nder + Quad Monitor Halter <\/a><\/li>\n\n\n\n<li><strong>Curved-Zweitmonitor (oben)<\/strong><br>F\u00fcr Telemetrie, Streaming oder Spotter \u2013 der \u00dcberblick macht den Unterschied.<\/li>\n<\/ul>\n\n\n\n<hr class=\"wp-block-separator has-alpha-channel-opacity\"\/>\n\n\n\n<h3 class=\"wp-block-heading\">\ud83d\udca8 Bel\u00fcftung<\/h3>\n\n\n\n<ul class=\"wp-block-list\">\n<li><strong>Wind-Simulator Marke Eigenbau<\/strong><br>Gesteuert \u00fcber Spielgeschwindigkeit, sorgt f\u00fcr den n\u00f6tigen Fahrtwind \u2013 g\u00fcnstig gebaut, maximaler Effekt.<\/li>\n<\/ul>\n\n\n\n<hr class=\"wp-block-separator has-alpha-channel-opacity\"\/>\n\n\n\n<h3 class=\"wp-block-heading\">\ud83d\udcac Fazit<\/h3>\n\n\n\n<p>Das Simrig hat sich \u00fcber die Zeit entwickelt und ist inzwischen mit Top-Hardware ausgestattet. <\/p>\n\n\n\n<p>Es hat mir gro\u00dfe Freude bereitet sich in die ganze Materie einzufuchsen und sich mit den Details auseinander zu setzen. Das Simrig ist auf mich abgestimmt und l\u00e4sst keine W\u00fcnsche mehr offen. Ich bin rundzum zufrieden damit \ud83d\ude42<\/p>\n\n\n\n<p><\/p>\n","protected":false},"excerpt":{"rendered":"<p>\ud83c\udfc1 Mein Setup \u2013 Stand Februar 2026 Hier findest du mein aktuelles SimRig \u2013 nicht von der Stange, sondern gewachsen, optimiert, angepasst. Ein System, das genau auf meine Anforderungen im SimRacing ausgelegt ist \u2013 leistungsstark, stabil, modular. \ud83c\udfae Plattformen \ud83d\udee0\ufe0f Rig &amp; Sitzposition \ud83c\udf00 Wheelbase &amp; Lenkrad \ud83d\udc63 Pedale \ud83d\udda5\ufe0f Bildschirme \ud83d\udca8 Bel\u00fcftung \ud83d\udcac Fazit &#8230; <a title=\"Mein Setup\" class=\"read-more\" href=\"https:\/\/lapattack.de\/?page_id=22\" aria-label=\"Mehr Informationen \u00fcber Mein Setup\">Weiterlesen<\/a><\/p>\n","protected":false},"author":1,"featured_media":0,"parent":0,"menu_order":0,"comment_status":"closed","ping_status":"closed","template":"","meta":{"footnotes":""},"class_list":["post-22","page","type-page","status-publish"],"jetpack_sharing_enabled":true,"_links":{"self":[{"href":"https:\/\/lapattack.de\/index.php?rest_route=\/wp\/v2\/pages\/22","targetHints":{"allow":["GET"]}}],"collection":[{"href":"https:\/\/lapattack.de\/index.php?rest_route=\/wp\/v2\/pages"}],"about":[{"href":"https:\/\/lapattack.de\/index.php?rest_route=\/wp\/v2\/types\/page"}],"author":[{"embeddable":true,"href":"https:\/\/lapattack.de\/index.php?rest_route=\/wp\/v2\/users\/1"}],"replies":[{"embeddable":true,"href":"https:\/\/lapattack.de\/index.php?rest_route=%2Fwp%2Fv2%2Fcomments&post=22"}],"version-history":[{"count":7,"href":"https:\/\/lapattack.de\/index.php?rest_route=\/wp\/v2\/pages\/22\/revisions"}],"predecessor-version":[{"id":361,"href":"https:\/\/lapattack.de\/index.php?rest_route=\/wp\/v2\/pages\/22\/revisions\/361"}],"wp:attachment":[{"href":"https:\/\/lapattack.de\/index.php?rest_route=%2Fwp%2Fv2%2Fmedia&parent=22"}],"curies":[{"name":"wp","href":"https:\/\/api.w.org\/{rel}","templated":true}]}}